{"id":701,"date":"2021-02-26T17:15:44","date_gmt":"2021-02-26T17:15:44","guid":{"rendered":"http:\/\/web0.fhnw.ch\/sustainability\/?page_id=701"},"modified":"2023-08-10T15:54:45","modified_gmt":"2023-08-10T15:54:45","slug":"gewinnerprojekte-2017","status":"publish","type":"page","link":"https:\/\/sustainabilitychallenge.ch\/en\/projekte\/gewinnerprojekte-2017\/","title":{"rendered":"Winning projects 2017"},"content":{"rendered":"<div class=\"brz-root__container brz-reset-all\">\n<section data-uid=\"lvttrwmpaapdppvotjkaxpnpgeymczijvecp\" id=\"lvttrwmpaapdppvotjkaxpnpgeymczijvecp\" class=\"brz-section brz-css-iyuvv\">\n<div class=\"brz-section__content brz-section--boxed brz-css-tncry brz-css-zafyz\" data-custom-id=\"wgrbujkdbxkjxwavmurrwyvkhfiykwsngaee\">\n<div class=\"brz-bg overflow-hidden !z-auto absolute top-0 left-0 w-full h-full\">\n<div class=\"brz-bg-color absolute top-0 left-0 w-full h-full\"><\/div>\n<\/div>\n<div class=\"brz-container brz-css-bpflc brz-css-ixhsg\">\n<div class=\"brz-row__container brz-css-hqtli\" data-custom-id=\"hxmwcivzzmvbsnnwkaqsokgffbefwlmjafxg\">\n<div class=\"brz-bg overflow-hidden !z-auto absolute top-0 left-0 w-full h-full\"><\/div>\n<div class=\"brz-row brz-css-rlklu brz-css-lmzpt\">\n<div class=\"brz-columns brz-css-mpubq brz-css-ogtsl\" data-custom-id=\"rgnoepjieqvnjsmfwmollhpgjgziefyearxq\">\n<div class=\"brz-bg overflow-hidden !z-auto absolute top-0 left-0 w-full h-full\"><\/div>\n<div class=\"brz-column__items brz-css-cormb brz-css-golez\">\n<div class=\"brz-css-ttdpf brz-wrapper\">\n<div class=\"brz-rich-text brz-rich-text__custom brz-css-rmgty\" data-custom-id=\"ufflznapsjtjopreskjbshrvjrsvzcezccgc\">\n<div>\n<p class=\"brz-lh-lg-1_7 brz-lh-sm-im-1_6 brz-lh-xs-im-1_6 brz-fs-lg-16 brz-fs-sm-im-15 brz-fs-xs-im-15 brz-ls-lg-0 brz-ls-sm-im-0 brz-ls-xs-im-0 brz-ff-raleway brz-ft-google brz-fw-lg-300 brz-fw-sm-im-300 brz-fw-xs-im-300 brz-css-cfuhl\"><span class=\"brz-cp-color2\">1.place<\/span><\/p>\n<\/div>\n<\/div>\n<\/div>\n<div class=\"brz-css-ttdpf brz-wrapper\">\n<div class=\"brz-rich-text brz-rich-text__custom brz-css-rmgty\" data-custom-id=\"xtlbbgosmfnviueeyjwiyixnwarydlwyiikb\">\n<div>\n<h2 class=\"brz-lh-lg-1_3 brz-lh-sm-im-1_3 brz-lh-xs-im-1_3 brz-fs-lg-42 brz-fs-sm-im-35 brz-fs-xs-im-29 brz-ff-raleway brz-ft-google brz-fw-lg-700 brz-fw-sm-im-700 brz-fw-xs-im-700 brz-ls-lg-0 brz-ls-sm-im-1 brz-ls-xs-im-1 brz-css-nhqqh\"><span class=\"brz-cp-color2\">Promotion of refugees in nursing professions<\/span><\/h2>\n<\/div>\n<\/div>\n<\/div>\n<div class=\"brz-css-ttdpf brz-css-fwtgs brz-css-duqvg brz-wrapper\">\n<div class=\"brz-spacer brz-css-ekmti brz-css-yfvsn\"><\/div>\n<\/div>\n<div class=\"brz-css-ttdpf brz-wrapper\">\n<div class=\"brz-rich-text brz-rich-text__custom brz-css-rmgty\" data-custom-id=\"zngfxwkceyvtpkrluprypkiepzophspfyasz\">\n<div>\n<p class=\"brz-text-lg-justify brz-lh-lg-1_7 brz-lh-sm-im-1_6 brz-lh-xs-im-1_6 brz-fs-lg-16 brz-fs-sm-im-15 brz-fs-xs-im-15 brz-ls-lg-0 brz-ls-sm-im-0 brz-ls-xs-im-0 brz-ff-raleway brz-ft-google brz-fw-lg-300 brz-fw-sm-im-300 brz-fw-xs-im-300 brz-css-baioo\"><span class=\"brz-cp-color2\">The Swiss healthcare system is dependent on foreign professionals for one-third of its workforce. The project aims to counteract the impending shortage of nursing staff in hospitals and nursing homes - and at the same time strive for the integration of refugees. Refugees can be recruited and qualified for the nursing profession with the help of training geared to the labor market and demand. A corresponding training course for suitable refugees must be designed and implemented for this purpose.<\/span><\/p>\n<\/div>\n<\/div>\n<\/div>\n<\/div>\n<\/div>\n<div class=\"brz-columns brz-css-mpubq brz-css-azfjj\" data-custom-id=\"xmhyseiwuknurwlrsdaxzalhzaoklvehvaeb\">\n<div class=\"brz-column__items brz-css-cormb brz-css-mueji\">\n<div class=\"brz-css-ttdpf brz-css-fwtgs brz-wrapper\">\n<div class=\"brz-spacer brz-css-ekmti brz-css-gpwcw\"><\/div>\n<\/div>\n<div class=\"brz-css-ttdpf brz-wrapper\">\n<div class=\"brz-video brz-youtube-video brz-video-on-controls-hidden brz-css-igqta\" data-custom-id=\"elwewfimqskqmjpikazmfpqkltuioiraofhx\">\n<div class=\"brz-hover-animation__container\" data-hover-animationid=\"xrxzkttkgzcgyalfmvpuraxwkabrnazpcslw\" data-hover-options=\"%7B%22duration%22:600,%22iterations%22:1%7D\" data-hover-reversible=\"true\">\n<div class=\"brz-hover-animation\">\n<div class=\"brz-video-content\" data-loop=\"false\" data-muted=\"false\" data-autoplay=\"off\">\n<div class=\"video-wrapper brz-image-fix-16-9 brz-css-dqqsg\">\n<div class=\"brz-video-data brz-hidden\" data-src=\"https:\/\/www.youtube.com\/embed\/3qsipMgKl7c?autoplay=0&amp;controls=1&amp;start=0&amp;end=0&amp;modestbranding=0&amp;wmode=transparent&amp;enablejsapi=1&amp;loop=0&amp;rel=0&amp;mute=0\" data-population data-controls=\"true\" data-branding=\"true\" data-intro=\"true\" data-start=\"0\" data-end=\"0\" data-loop=\"false\" data-autoplay=\"off\"><\/div>\n<\/div>\n<\/div>\n<\/div>\n<\/div>\n<\/div>\n<\/div>\n<\/div>\n<\/div>\n<\/div>\n<\/div>\n<\/div>\n<\/div>\n<\/section>\n<section data-uid=\"lwwechrlyfughlzhwkpeaswuavdiabgwafdm\" id=\"lwwechrlyfughlzhwkpeaswuavdiabgwafdm\" class=\"brz-section brz-css-iyuvv\">\n<div class=\"brz-section__content brz-section--boxed brz-css-tncry brz-css-sdooy\" data-custom-id=\"npdtccxsaxjpboivyrqhbomkaimlfuefxmft\">\n<div class=\"brz-bg overflow-hidden !z-auto absolute top-0 left-0 w-full h-full\">\n<div class=\"brz-bg-color absolute top-0 left-0 w-full h-full\"><\/div>\n<\/div>\n<div class=\"brz-container brz-css-bpflc brz-css-naadk\">\n<div class=\"brz-row__container brz-css-hqtli\" data-custom-id=\"fzdoqdxgtsqbtladinhhpfuyvhlnzaauluks\">\n<div class=\"brz-bg overflow-hidden !z-auto absolute top-0 left-0 w-full h-full\"><\/div>\n<div class=\"brz-row brz-css-rlklu brz-css-lmzpt\">\n<div class=\"brz-columns brz-css-mpubq brz-css-cnyfu\" data-custom-id=\"msfozsiabvgmznosuwmjzpykwjgeibtyznzz\">\n<div class=\"brz-bg overflow-hidden !z-auto absolute top-0 left-0 w-full h-full\"><\/div>\n<div class=\"brz-column__items brz-css-cormb brz-css-tqbra\">\n<div class=\"brz-css-ttdpf brz-css-fwtgs brz-wrapper\">\n<div class=\"brz-spacer brz-css-ekmti brz-css-ygkan\"><\/div>\n<\/div>\n<div class=\"brz-css-ttdpf brz-wrapper\">\n<div class=\"brz-video brz-youtube-video brz-video-on-controls-hidden brz-css-igqta\" data-custom-id=\"tfzorksgybdglrvmzconkcdtgcgbwojjicgp\">\n<div class=\"brz-hover-animation__container\" data-hover-animationid=\"nvkvdjbufmxmviukxdsoggyrpgwgwlfcaiht\" data-hover-options=\"%7B%22duration%22:600,%22iterations%22:1%7D\" data-hover-reversible=\"true\">\n<div class=\"brz-hover-animation\">\n<div class=\"brz-video-content\" data-loop=\"false\" data-muted=\"false\" data-autoplay=\"off\">\n<div class=\"video-wrapper brz-image-fix-16-9 brz-css-dqqsg\">\n<div class=\"brz-video-data brz-hidden\" data-src=\"https:\/\/www.youtube.com\/embed\/MfIEmcBT174?autoplay=0&amp;controls=1&amp;start=0&amp;end=0&amp;modestbranding=0&amp;wmode=transparent&amp;enablejsapi=1&amp;loop=0&amp;rel=0&amp;mute=0\" data-population data-controls=\"true\" data-branding=\"true\" data-intro=\"true\" data-start=\"0\" data-end=\"0\" data-loop=\"false\" data-autoplay=\"off\"><\/div>\n<\/div>\n<\/div>\n<\/div>\n<\/div>\n<\/div>\n<\/div>\n<div class=\"brz-css-ttdpf brz-css-fwtgs brz-css-xopmn brz-wrapper\">\n<div class=\"brz-spacer brz-css-ekmti brz-css-zybeq\"><\/div>\n<\/div>\n<\/div>\n<\/div>\n<div class=\"brz-columns brz-css-mpubq brz-css-uwnvr\" data-custom-id=\"rufsfzlalprdymhdprurnwqozpafxguxejcn\">\n<div class=\"brz-column__items brz-css-cormb brz-css-vmddb\">\n<div class=\"brz-css-ttdpf brz-wrapper\">\n<div class=\"brz-rich-text brz-rich-text__custom brz-css-rmgty\" data-custom-id=\"phabrjhnvpsfpvwpdgtmxcxyltaqstuspsqq\">\n<div>\n<p class=\"brz-lh-lg-1_7 brz-lh-sm-im-1_6 brz-lh-xs-im-1_6 brz-fs-lg-16 brz-fs-sm-im-15 brz-fs-xs-im-15 brz-ls-lg-0 brz-ls-sm-im-0 brz-ls-xs-im-0 brz-ff-raleway brz-ft-google brz-fw-lg-300 brz-fw-sm-im-300 brz-fw-xs-im-300 brz-css-dyhbp\"><span class=\"brz-cp-color2\">2.place<\/span><\/p>\n<\/div>\n<\/div>\n<\/div>\n<div class=\"brz-css-ttdpf brz-wrapper\">\n<div class=\"brz-rich-text brz-rich-text__custom brz-css-rmgty\" data-custom-id=\"qduvyeydfypeogtatffcyjmxzahhcdboygfa\">\n<div>\n<h4 class=\"brz-lh-lg-1_3 brz-lh-sm-im-1_3 brz-lh-xs-im-1_3 brz-fs-lg-42 brz-fs-sm-im-35 brz-fs-xs-im-29 brz-ff-raleway brz-ft-google brz-fw-lg-700 brz-fw-sm-im-700 brz-fw-xs-im-700 brz-ls-lg-0 brz-ls-sm-im-1 brz-ls-xs-im-1 brz-css-bqmag\"><span class=\"brz-cp-color2\">Blink <\/span><\/h4>\n<\/div>\n<\/div>\n<\/div>\n<div class=\"brz-css-ttdpf brz-wrapper\">\n<div class=\"brz-rich-text brz-rich-text__custom brz-css-rmgty\" data-custom-id=\"ibbnfjjkqanebxjzicgsmymdavckgbapnjeh\">\n<div>\n<p class=\"brz-text-lg-justify brz-lh-lg-1_7 brz-lh-sm-im-1_6 brz-lh-xs-im-1_6 brz-fs-lg-16 brz-fs-sm-im-15 brz-fs-xs-im-15 brz-ls-lg-0 brz-ls-sm-im-0 brz-ls-xs-im-0 brz-ff-raleway brz-ft-google brz-fw-lg-300 brz-fw-sm-im-300 brz-fw-xs-im-300 brz-css-jsmzx\"><span class=\"brz-cp-color2\">Switzerland is home to 1.6 million people with disabilities, 29% of whom are considered severely impaired. Using public transport alone is impossible for many - at the same time, the costs for alternative transport services are too high. Through specifically initiated partnerships, the Blink project aims to coordinate the offers of different ride service partners and sensitize institutions to cooperate in the field of mobility for people with disabilities. Blink also promotes the sharing economy: By means of private carpooling, vehicle occupancy is increased.<\/span><\/p>\n<\/div>\n<\/div>\n<\/div>\n<\/div>\n<\/div>\n<\/div>\n<\/div>\n<\/div>\n<\/div>\n<\/section>\n<section data-uid=\"yhtkxbzxpklloxfgtnfsmbhjjzywqfsoiqvo\" id=\"yhtkxbzxpklloxfgtnfsmbhjjzywqfsoiqvo\" class=\"brz-section brz-css-iyuvv\">\n<div class=\"brz-section__content brz-section--boxed brz-css-tncry brz-css-uoenm\" data-custom-id=\"rtfzgghymyifailzvuwfrfaxwxnndwtwfxmi\">\n<div class=\"brz-bg overflow-hidden !z-auto absolute top-0 left-0 w-full h-full\">\n<div class=\"brz-bg-color absolute top-0 left-0 w-full h-full\"><\/div>\n<\/div>\n<div class=\"brz-container brz-css-bpflc brz-css-dblug\">\n<div class=\"brz-row__container brz-css-hqtli\" data-custom-id=\"ouhnrgusfgspqndhqrimoilxpowpikewrvlb\">\n<div class=\"brz-bg overflow-hidden !z-auto absolute top-0 left-0 w-full h-full\"><\/div>\n<div class=\"brz-row brz-css-rlklu brz-css-lmzpt\">\n<div class=\"brz-columns brz-css-mpubq brz-css-ygpfp\" data-custom-id=\"cnjjzjswmzvutxhdhmctlhaewnphjynxrbba\">\n<div class=\"brz-bg overflow-hidden !z-auto absolute top-0 left-0 w-full h-full\"><\/div>\n<div class=\"brz-column__items brz-css-cormb brz-css-dhkpz\">\n<div class=\"brz-css-ttdpf brz-wrapper\">\n<div class=\"brz-rich-text brz-rich-text__custom brz-css-rmgty\" data-custom-id=\"vpopyradujgbfijzofyjiytdvqypdeqazqme\">\n<div>\n<p class=\"brz-lh-lg-1_7 brz-lh-sm-im-1_6 brz-lh-xs-im-1_6 brz-fs-lg-16 brz-fs-sm-im-15 brz-fs-xs-im-15 brz-ls-lg-0 brz-ls-sm-im-0 brz-ls-xs-im-0 brz-ff-raleway brz-ft-google brz-fw-lg-300 brz-fw-sm-im-300 brz-fw-xs-im-300 brz-css-nuvxt\"><span class=\"brz-cp-color2\">3.place<\/span><\/p>\n<\/div>\n<\/div>\n<\/div>\n<div class=\"brz-css-ttdpf brz-wrapper\">\n<div class=\"brz-rich-text brz-rich-text__custom brz-css-rmgty\" data-custom-id=\"tbiibampccbcdrprnxmlmpejrezpcucqkdzh\">\n<div>\n<h2 class=\"brz-lh-lg-1_3 brz-lh-sm-im-1_3 brz-lh-xs-im-1_3 brz-fs-lg-42 brz-fs-sm-im-35 brz-fs-xs-im-29 brz-ff-raleway brz-ft-google brz-fw-lg-700 brz-fw-sm-im-700 brz-fw-xs-im-700 brz-ls-lg-0 brz-ls-sm-im-1 brz-ls-xs-im-1 brz-css-cidrt\"><span class=\"brz-cp-color2\">Youtrition.org<\/span><\/h2>\n<\/div>\n<\/div>\n<\/div>\n<div class=\"brz-css-ttdpf brz-css-fwtgs brz-css-egjfz brz-wrapper\">\n<div class=\"brz-spacer brz-css-ekmti brz-css-epkpb\"><\/div>\n<\/div>\n<div class=\"brz-css-ttdpf brz-wrapper\">\n<div class=\"brz-rich-text brz-rich-text__custom brz-css-rmgty\" data-custom-id=\"psazjxjfxgzmlvhagrdxlfgkpksylxpjgwzu\">\n<div>\n<p class=\"brz-text-lg-justify brz-lh-lg-1_7 brz-lh-sm-im-1_6 brz-lh-xs-im-1_6 brz-fs-lg-16 brz-fs-sm-im-15 brz-fs-xs-im-15 brz-ls-lg-0 brz-ls-sm-im-0 brz-ls-xs-im-0 brz-ff-raleway brz-ft-google brz-fw-lg-300 brz-fw-sm-im-300 brz-fw-xs-im-300 brz-css-phgmp\"><span class=\"brz-cp-color2\">The Youtrition.org project aims to close natural cycles and achieve sustainability in food production in a simple way. Urban Farmers AG provides a container in which a Kompotoi AG composting toilet is installed. The urine collected with it is fermented odorless and hygienically in a closed bioreactor to nutrient solution, which is used for plant fertilization in the greenhouse above the container. The food produced is processed into fine menus and given away as gifts.<\/span><\/p>\n<\/div>\n<\/div>\n<\/div>\n<\/div>\n<\/div>\n<div class=\"brz-columns brz-css-mpubq brz-css-hwnyt\" data-custom-id=\"ypvfisvtcmaaunrsoeiqyaxumxljcetdksko\">\n<div class=\"brz-column__items brz-css-cormb brz-css-zivmt\">\n<div class=\"brz-css-ttdpf brz-css-fwtgs brz-wrapper\">\n<div class=\"brz-spacer brz-css-ekmti brz-css-yyntq\"><\/div>\n<\/div>\n<div class=\"brz-css-ttdpf brz-wrapper\">\n<div class=\"brz-video brz-youtube-video brz-video-on-controls-hidden brz-css-igqta\" data-custom-id=\"fmoufkmncrknnmdispklliurpoydceekupqa\">\n<div class=\"brz-hover-animation__container\" data-hover-animationid=\"trhxojhqbbccummqgpbnfopnepjwviqkekes\" data-hover-options=\"%7B%22duration%22:600,%22iterations%22:1%7D\" data-hover-reversible=\"true\">\n<div class=\"brz-hover-animation\">\n<div class=\"brz-video-content\" data-loop=\"false\" data-muted=\"false\" data-autoplay=\"off\">\n<div class=\"video-wrapper brz-image-fix-16-9 brz-css-dqqsg\">\n<div class=\"brz-video-data brz-hidden\" data-src=\"https:\/\/www.youtube.com\/embed\/8o--_tDOmhU?autoplay=0&amp;controls=1&amp;start=0&amp;end=0&amp;modestbranding=0&amp;wmode=transparent&amp;enablejsapi=1&amp;loop=0&amp;rel=0&amp;mute=0\" data-population data-controls=\"true\" data-branding=\"true\" data-intro=\"true\" data-start=\"0\" data-end=\"0\" data-loop=\"false\" data-autoplay=\"off\"><\/div>\n<\/div>\n<\/div>\n<\/div>\n<\/div>\n<\/div>\n<\/div>\n<\/div>\n<\/div>\n<\/div>\n<\/div>\n<\/div>\n<\/div>\n<\/section>\n<section data-uid=\"ztwjqcyilbifawewhullwssdvgjbnlzpxpcx\" id=\"ztwjqcyilbifawewhullwssdvgjbnlzpxpcx\" class=\"brz-section brz-css-iyuvv\">\n<div class=\"brz-section__content brz-section--boxed brz-css-tncry brz-css-sdaby\" data-custom-id=\"bhcqhkijlnklhjkuflsrxjsbjgvlvlvlsevw\">\n<div class=\"brz-bg overflow-hidden !z-auto absolute top-0 left-0 w-full h-full\">\n<div class=\"brz-bg-color absolute top-0 left-0 w-full h-full\"><\/div>\n<\/div>\n<div class=\"brz-container brz-css-bpflc brz-css-udpff\">\n<div class=\"brz-row__container brz-css-hqtli\" data-custom-id=\"nafswyxtqkopvyloyvjqxftaolxixdtnyxrp\">\n<div class=\"brz-bg overflow-hidden !z-auto absolute top-0 left-0 w-full h-full\"><\/div>\n<div class=\"brz-row brz-css-rlklu brz-css-lmzpt\">\n<div class=\"brz-columns brz-css-mpubq brz-css-qzxhy\" data-custom-id=\"qvycelbvmtrelmsdgzzemonznfwnvaqygdmx\">\n<div class=\"brz-bg overflow-hidden !z-auto absolute top-0 left-0 w-full h-full\"><\/div>\n<div class=\"brz-column__items brz-css-cormb brz-css-xqvmw\">\n<div class=\"brz-css-ttdpf brz-css-fwtgs brz-wrapper\">\n<div class=\"brz-spacer brz-css-ekmti brz-css-fghbd\"><\/div>\n<\/div>\n<div class=\"brz-css-ttdpf brz-wrapper\">\n<div class=\"brz-video brz-youtube-video brz-video-on-controls-hidden brz-css-igqta\" data-custom-id=\"grmkgmxcwefiklhgaaiycjrknikibwtjkvuo\">\n<div class=\"brz-hover-animation__container\" data-hover-animationid=\"szkhmtizkxolahlzctxfmbyebtflcriovidh\" data-hover-options=\"%7B%22duration%22:600,%22iterations%22:1%7D\" data-hover-reversible=\"true\">\n<div class=\"brz-hover-animation\">\n<div class=\"brz-video-content\" data-loop=\"false\" data-muted=\"false\" data-autoplay=\"off\">\n<div class=\"video-wrapper brz-image-fix-16-9 brz-css-dqqsg\">\n<div class=\"brz-video-data brz-hidden\" data-src=\"https:\/\/www.youtube.com\/embed\/bhv9np7OXOg?autoplay=0&amp;controls=1&amp;start=0&amp;end=0&amp;modestbranding=0&amp;wmode=transparent&amp;enablejsapi=1&amp;loop=0&amp;rel=0&amp;mute=0\" data-population data-controls=\"true\" data-branding=\"true\" data-intro=\"true\" data-start=\"0\" data-end=\"0\" data-loop=\"false\" data-autoplay=\"off\"><\/div>\n<\/div>\n<\/div>\n<\/div>\n<\/div>\n<\/div>\n<\/div>\n<div class=\"brz-css-ttdpf brz-css-fwtgs brz-css-yzwhz brz-wrapper\">\n<div class=\"brz-spacer brz-css-ekmti brz-css-rhwgo\"><\/div>\n<\/div>\n<\/div>\n<\/div>\n<div class=\"brz-columns brz-css-mpubq brz-css-lnunr\" data-custom-id=\"qhcrqqnankdhsmuaoqyayehhryodaqstxpfm\">\n<div class=\"brz-column__items brz-css-cormb brz-css-jahmm\">\n<div class=\"brz-css-ttdpf brz-wrapper\">\n<div class=\"brz-rich-text brz-rich-text__custom brz-css-rmgty\" data-custom-id=\"ocifpavmzxnkesjfuaypiupxnwdoexxytdtb\">\n<div>\n<p class=\"brz-lh-lg-1_7 brz-lh-sm-im-1_6 brz-lh-xs-im-1_6 brz-fs-lg-16 brz-fs-sm-im-15 brz-fs-xs-im-15 brz-ls-lg-0 brz-ls-sm-im-0 brz-ls-xs-im-0 brz-ff-raleway brz-ft-google brz-fw-lg-300 brz-fw-sm-im-300 brz-fw-xs-im-300 brz-css-mensz\"><span class=\"brz-cp-color2\">4.place<\/span><\/p>\n<\/div>\n<\/div>\n<\/div>\n<div class=\"brz-css-ttdpf brz-wrapper\">\n<div class=\"brz-rich-text brz-rich-text__custom brz-css-rmgty\" data-custom-id=\"fakftrpbqfqcsayfmtssqohcazccrreckyzt\">\n<div>\n<h4 class=\"brz-lh-lg-1_3 brz-lh-sm-im-1_3 brz-lh-xs-im-1_3 brz-fs-lg-42 brz-fs-sm-im-35 brz-fs-xs-im-29 brz-ff-raleway brz-ft-google brz-fw-lg-700 brz-fw-sm-im-700 brz-fw-xs-im-700 brz-ls-lg-0 brz-ls-sm-im-1 brz-ls-xs-im-1 brz-css-nmftr\"><span class=\"brz-cp-color2\">Food for Souls <\/span><\/h4>\n<\/div>\n<\/div>\n<\/div>\n<div class=\"brz-css-ttdpf brz-wrapper\">\n<div class=\"brz-rich-text brz-rich-text__custom brz-css-rmgty\" data-custom-id=\"sihtizsudxgmuzjbfolayvwwkcrdvelwrxil\">\n<div>\n<p class=\"brz-text-lg-justify brz-lh-lg-1_7 brz-lh-sm-im-1_6 brz-lh-xs-im-1_6 brz-fs-lg-16 brz-fs-sm-im-15 brz-fs-xs-im-15 brz-ls-lg-0 brz-ls-sm-im-0 brz-ls-xs-im-0 brz-ff-raleway brz-ft-google brz-fw-lg-300 brz-fw-sm-im-300 brz-fw-xs-im-300 brz-css-estvc\"><span class=\"brz-cp-color2\">Permaculture pursues the design of land use systems that are sustainable and ecologically sound. The Food for Souls project wants to build a permaculture center on the site of the former Ziegler Hospital in Bern. The intention is to create a dynamic meeting place with an urban vegetable garden and a learning center, embedded in a restful permaculture garden. Through the lived diversity and the open welcoming culture, the center will become a model for dealing with diversity in nature and \u00acin the community.<\/span><\/p>\n<\/div>\n<\/div>\n<\/div>\n<\/div>\n<\/div>\n<\/div>\n<\/div>\n<\/div>\n<\/div>\n<\/section>\n<section data-uid=\"bozvufwaztrabolpujlpnlqrnrmeyluwfwre\" id=\"bozvufwaztrabolpujlpnlqrnrmeyluwfwre\" class=\"brz-section brz-css-iyuvv\">\n<div class=\"brz-section__content brz-section--boxed brz-css-tncry brz-css-awaxq\" data-custom-id=\"rlvzmtavuwnheiwyiyufybieymwgnerjewxq\">\n<div class=\"brz-bg overflow-hidden !z-auto absolute top-0 left-0 w-full h-full\">\n<div class=\"brz-bg-color absolute top-0 left-0 w-full h-full\"><\/div>\n<\/div>\n<div class=\"brz-container brz-css-bpflc brz-css-vwdry\">\n<div class=\"brz-row__container brz-css-hqtli\" data-custom-id=\"nofvurucxllhnjzirbbvpqcidniqtuarmenr\">\n<div class=\"brz-bg overflow-hidden !z-auto absolute top-0 left-0 w-full h-full\"><\/div>\n<div class=\"brz-row brz-css-rlklu brz-css-lmzpt\">\n<div class=\"brz-columns brz-css-mpubq brz-css-pcnrb\" data-custom-id=\"ybzpfkmqyglxmixopdbmddysgqaxubynwtzd\">\n<div class=\"brz-bg overflow-hidden !z-auto absolute top-0 left-0 w-full h-full\"><\/div>\n<div class=\"brz-column__items brz-css-cormb brz-css-jczii\">\n<div class=\"brz-css-ttdpf brz-wrapper\">\n<div class=\"brz-rich-text brz-rich-text__custom brz-css-rmgty\" data-custom-id=\"rzwyinizbchrbcudfxhvcmpfrbotseryaqrs\">\n<div>\n<p class=\"brz-lh-lg-1_7 brz-lh-sm-im-1_6 brz-lh-xs-im-1_6 brz-fs-lg-16 brz-fs-sm-im-15 brz-fs-xs-im-15 brz-ls-lg-0 brz-ls-sm-im-0 brz-ls-xs-im-0 brz-ff-raleway brz-ft-google brz-fw-lg-300 brz-fw-sm-im-300 brz-fw-xs-im-300 brz-css-iwkos\"><span class=\"brz-cp-color2\">5.place<\/span><\/p>\n<\/div>\n<\/div>\n<\/div>\n<div class=\"brz-css-ttdpf brz-wrapper\">\n<div class=\"brz-rich-text brz-rich-text__custom brz-css-rmgty\" data-custom-id=\"oyqazmvbkfdgvhfxghxbursfkfjidriqzxhh\">\n<div>\n<h2 class=\"brz-lh-lg-1_3 brz-lh-sm-im-1_3 brz-lh-xs-im-1_3 brz-fs-lg-42 brz-fs-sm-im-35 brz-fs-xs-im-29 brz-ff-raleway brz-ft-google brz-fw-lg-700 brz-fw-sm-im-700 brz-fw-xs-im-700 brz-ls-lg-0 brz-ls-sm-im-1 brz-ls-xs-im-1 brz-css-pdxfl\"><span class=\"brz-cp-color2\">N42<\/span><\/h2>\n<\/div>\n<\/div>\n<\/div>\n<div class=\"brz-css-ttdpf brz-css-fwtgs brz-css-htpmj brz-wrapper\">\n<div class=\"brz-spacer brz-css-ekmti brz-css-aazor\"><\/div>\n<\/div>\n<div class=\"brz-css-ttdpf brz-wrapper\">\n<div class=\"brz-rich-text brz-rich-text__custom brz-css-rmgty\" data-custom-id=\"jgbekznzekjessguviiceiptjgxmqpavtxme\">\n<div>\n<p class=\"brz-text-lg-justify brz-lh-lg-1_7 brz-lh-sm-im-1_6 brz-lh-xs-im-1_6 brz-fs-lg-16 brz-fs-sm-im-15 brz-fs-xs-im-15 brz-ls-lg-0 brz-ls-sm-im-0 brz-ls-xs-im-0 brz-ff-raleway brz-ft-google brz-fw-lg-300 brz-fw-sm-im-300 brz-fw-xs-im-300 brz-css-maxrz\"><span class=\"brz-cp-color2\">The N42 project plans to implement a Social Innovation Lab in the Basel region. The focus is on disadvantaged groups whose access to social participation and giving is more difficult. The lab focuses on the consideration of the whole system: all stakeholders from the local community should be united. The Lab team analyzes the social problem and tries to identify the core causes. From this, experimental solutions are developed and a network for sustainable development is built.<\/span><\/p>\n<\/div>\n<\/div>\n<\/div>\n<\/div>\n<\/div>\n<\/div>\n<\/div>\n<\/div>\n<\/div>\n<\/section>\n<\/div>\n<p>    <!-- version:1691682885 --><\/p>","protected":false},"excerpt":{"rendered":"<p>1.Platz F\u00f6rderung von Fl\u00fcchtlingen in Pflegeberufen Das Schweizer Gesundheitswesen ist zu einem Drittel von ausl\u00e4ndischen Fachkr\u00e4ften abh\u00e4ngig. Das Projekt m\u00f6chte dem drohenden Mangel von Pflegepersonal&hellip;<\/p>","protected":false},"author":1,"featured_media":0,"parent":511,"menu_order":4,"comment_status":"closed","ping_status":"closed","template":"","meta":{"footnotes":""},"class_list":["post-701","page","type-page","status-publish","hentry"],"_links":{"self":[{"href":"https:\/\/sustainabilitychallenge.ch\/en\/wp-json\/wp\/v2\/pages\/701","targetHints":{"allow":["GET"]}}],"collection":[{"href":"https:\/\/sustainabilitychallenge.ch\/en\/wp-json\/wp\/v2\/pages"}],"about":[{"href":"https:\/\/sustainabilitychallenge.ch\/en\/wp-json\/wp\/v2\/types\/page"}],"author":[{"embeddable":true,"href":"https:\/\/sustainabilitychallenge.ch\/en\/wp-json\/wp\/v2\/users\/1"}],"replies":[{"embeddable":true,"href":"https:\/\/sustainabilitychallenge.ch\/en\/wp-json\/wp\/v2\/comments?post=701"}],"version-history":[{"count":11,"href":"https:\/\/sustainabilitychallenge.ch\/en\/wp-json\/wp\/v2\/pages\/701\/revisions"}],"predecessor-version":[{"id":3117,"href":"https:\/\/sustainabilitychallenge.ch\/en\/wp-json\/wp\/v2\/pages\/701\/revisions\/3117"}],"up":[{"embeddable":true,"href":"https:\/\/sustainabilitychallenge.ch\/en\/wp-json\/wp\/v2\/pages\/511"}],"wp:attachment":[{"href":"https:\/\/sustainabilitychallenge.ch\/en\/wp-json\/wp\/v2\/media?parent=701"}],"curies":[{"name":"wp","href":"https:\/\/api.w.org\/{rel}","templated":true}]}}