{"id":707,"date":"2021-02-26T17:16:29","date_gmt":"2021-02-26T17:16:29","guid":{"rendered":"http:\/\/web0.fhnw.ch\/sustainability\/?page_id=707"},"modified":"2023-08-10T15:45:49","modified_gmt":"2023-08-10T15:45:49","slug":"gewinnerprojekte-2020","status":"publish","type":"page","link":"https:\/\/sustainabilitychallenge.ch\/en\/projekte\/gewinnerprojekte-2020\/","title":{"rendered":"Winning projects 2020"},"content":{"rendered":"<div class=\"brz-root__container brz-reset-all\">\n<section data-uid=\"yswnyohmkmmhglhhdtbnqqjfmszgnqrcylbo\" id=\"yswnyohmkmmhglhhdtbnqqjfmszgnqrcylbo\" class=\"brz-section brz-css-fwjjz\">\n<div class=\"brz-section__content brz-section--boxed brz-css-vwaow brz-css-gecjt\" data-custom-id=\"kdngektfmrgspdodgiiokmbfqqhublrmcjnl\">\n<div class=\"brz-bg overflow-hidden !z-auto absolute top-0 left-0 w-full h-full\">\n<div class=\"brz-bg-color absolute top-0 left-0 w-full h-full\"><\/div>\n<\/div>\n<div class=\"brz-container brz-css-btkzf brz-css-vfbky\">\n<div class=\"brz-row__container brz-css-iwskd\" data-custom-id=\"ystwpqdkshooimbfgzodhdrjsgofebxqfjch\">\n<div class=\"brz-bg overflow-hidden !z-auto absolute top-0 left-0 w-full h-full\"><\/div>\n<div class=\"brz-row brz-css-usmtm brz-css-kjgrm\">\n<div class=\"brz-columns brz-css-edbns brz-css-ejbdl\" data-custom-id=\"dvypuoptulzniubunffqidtgxqowuseesrwi\">\n<div class=\"brz-bg overflow-hidden !z-auto absolute top-0 left-0 w-full h-full\"><\/div>\n<div class=\"brz-column__items brz-css-fooxn brz-css-qlfga\">\n<div class=\"brz-css-zaxoo brz-wrapper\">\n<div class=\"brz-rich-text brz-rich-text__custom brz-css-lzngg\" data-custom-id=\"nubopskbgtffmybhgjpnplgfbcnitelzhvbo\">\n<div>\n<p class=\"brz-bcp-color7 brz-lh-lg-1_7 brz-lh-sm-im-1_6 brz-lh-xs-im-1_6 brz-fs-lg-16 brz-fs-sm-im-15 brz-fs-xs-im-15 brz-ls-lg-0 brz-ls-sm-im-0 brz-ls-xs-im-0 brz-ff-raleway brz-ft-google brz-fw-lg-300 brz-fw-sm-im-300 brz-fw-xs-im-300 brz-css-xlytb\">1.Prize<\/p>\n<\/div>\n<\/div>\n<\/div>\n<div class=\"brz-css-zaxoo brz-wrapper\">\n<div class=\"brz-rich-text brz-rich-text__custom brz-css-lzngg\" data-custom-id=\"ehqruxugfdhibiujxylprlovilfpvvpbmptt\">\n<div>\n<p class=\"brz-bcp-color2 brz-lh-lg-1_3 brz-lh-sm-im-1_3 brz-lh-xs-im-1_3 brz-fs-lg-42 brz-fs-sm-im-35 brz-fs-xs-im-29 brz-ff-raleway brz-ft-google brz-fw-lg-700 brz-fw-sm-im-700 brz-fw-xs-im-700 brz-ls-lg-0 brz-ls-sm-im-1 brz-ls-xs-im-1 brz-css-pwbau\">SmartBreed<\/p>\n<\/div>\n<\/div>\n<\/div>\n<div class=\"brz-css-zaxoo brz-css-qmaly brz-css-qnvwg brz-wrapper\">\n<div class=\"brz-spacer brz-css-wiahi brz-css-yfidi\"><\/div>\n<\/div>\n<div class=\"brz-css-zaxoo brz-wrapper\">\n<div class=\"brz-rich-text brz-rich-text__custom brz-css-lzngg\" data-custom-id=\"drzbbsyvcldvruwpobptbhzsgortgrbdxavc\">\n<div>\n<p class=\"brz-css-vgayj\"><\/p>\n<p class=\"brz-text-lg-justify brz-lh-lg-1_7 brz-lh-sm-im-1_6 brz-lh-xs-im-1_6 brz-fs-lg-16 brz-fs-sm-im-15 brz-fs-xs-im-15 brz-ls-lg-0 brz-ls-sm-im-0 brz-ls-xs-im-0 brz-ff-raleway brz-ft-google brz-fw-lg-300 brz-fw-sm-im-300 brz-fw-xs-im-300 brz-css-qwixe\"><span class=\"brz-cp-color2\">SmartBreed is a Swiss agritech start-up that offers insect farmers a complete local solution. In stackable, fully automated boxes, grasshoppers can be bred in a cost-effective, resource-saving and hygienic way. The project also supplies insect food and grasshopper eggs, which are automatically utilized in the box. The smart boxes are equipped with numerous sensors so that the breeding conditions can be continuously optimized thanks to the data collected.<\/span><\/p>\n<\/div>\n<\/div>\n<\/div>\n<\/div>\n<\/div>\n<div class=\"brz-columns brz-css-edbns brz-css-dfrai\" data-custom-id=\"ujetmonybglybbzdgiempcljwwfgxcocmzmd\">\n<div class=\"brz-column__items brz-css-fooxn brz-css-nfdrn\">\n<div class=\"brz-css-zaxoo brz-css-qmaly brz-wrapper\">\n<div class=\"brz-spacer brz-css-wiahi brz-css-ymtlf\"><\/div>\n<\/div>\n<div class=\"brz-css-zaxoo brz-wrapper\">\n<div class=\"brz-video brz-youtube-video brz-video-on-controls-hidden brz-css-rvvqo\" data-custom-id=\"xhtdjqcuhqybgmrrxmrrmxewsgitbzvqzgki\">\n<div class=\"brz-hover-animation__container\" data-hover-animationid=\"zvfamkxllptepfoywffsmjmbfsquuzxjnfat\" data-hover-options=\"%7B%22duration%22:600,%22iterations%22:1%7D\" data-hover-reversible=\"true\">\n<div class=\"brz-hover-animation\">\n<div class=\"brz-video-content\" data-loop=\"false\" data-muted=\"false\" data-autoplay=\"off\">\n<div class=\"video-wrapper brz-image-fix-16-9 brz-css-suqfk\">\n<div class=\"brz-video-data brz-hidden\" data-src=\"https:\/\/www.youtube.com\/embed\/LAd0e_WQ3mA?autoplay=0&amp;controls=1&amp;start=0&amp;end=0&amp;modestbranding=0&amp;wmode=transparent&amp;enablejsapi=1&amp;loop=0&amp;rel=0&amp;mute=0\" data-population data-controls=\"true\" data-branding=\"true\" data-intro=\"true\" data-start=\"0\" data-end=\"0\" data-loop=\"false\" data-autoplay=\"off\"><\/div>\n<\/div>\n<\/div>\n<\/div>\n<\/div>\n<\/div>\n<\/div>\n<\/div>\n<\/div>\n<\/div>\n<\/div>\n<\/div>\n<\/div>\n<\/section>\n<section data-uid=\"nfbzfljybyffijmsmrywfzpribkdgemkugdg\" id=\"nfbzfljybyffijmsmrywfzpribkdgemkugdg\" class=\"brz-section brz-css-fwjjz\">\n<div class=\"brz-section__content brz-section--boxed brz-css-vwaow brz-css-wdhze\" data-custom-id=\"robfiobvnvovotenevbzmrjofydwgdyiqeti\">\n<div class=\"brz-bg overflow-hidden !z-auto absolute top-0 left-0 w-full h-full\">\n<div class=\"brz-bg-color absolute top-0 left-0 w-full h-full\"><\/div>\n<\/div>\n<div class=\"brz-container brz-css-btkzf brz-css-vaidc\">\n<div class=\"brz-row__container brz-css-iwskd\" data-custom-id=\"stgfzneuxcyqaggjtuegiphrinfjpcgtmyqz\">\n<div class=\"brz-bg overflow-hidden !z-auto absolute top-0 left-0 w-full h-full\"><\/div>\n<div class=\"brz-row brz-css-usmtm brz-css-kjgrm\">\n<div class=\"brz-columns brz-css-edbns brz-css-bgtac\" data-custom-id=\"tkfmwvefsrcgpqnqkqmswutlmofjjmfuqshs\">\n<div class=\"brz-column__items brz-css-fooxn brz-css-ycusc\">\n<div class=\"brz-row__container brz-css-iwskd\" data-custom-id=\"srqwtzrsdcznsdapfrfbipkmrfrlypvhhdpa\">\n<div class=\"brz-bg overflow-hidden !z-auto absolute top-0 left-0 w-full h-full\"><\/div>\n<div class=\"brz-row brz-row--inner brz-css-usmtm brz-css-kjgrm\">\n<div class=\"brz-columns brz-css-edbns brz-css-omhoi\" data-custom-id=\"luzfutubavbnpqhnjkffswulsttrfpvyzqdy\">\n<div class=\"brz-bg overflow-hidden !z-auto absolute top-0 left-0 w-full h-full\"><\/div>\n<div class=\"brz-column__items brz-css-fooxn\">\n<div class=\"brz-css-zaxoo brz-css-qmaly brz-wrapper\">\n<div class=\"brz-spacer brz-css-wiahi brz-css-sxxoz\"><\/div>\n<\/div>\n<div class=\"brz-css-zaxoo brz-wrapper\">\n<div class=\"brz-video brz-youtube-video brz-video-on-controls-hidden brz-css-rvvqo\" data-custom-id=\"qvsjhxanqhchsrcccsidafhbsfyeakgpwamx\">\n<div class=\"brz-hover-animation__container\" data-hover-animationid=\"upimlutfohdeaayruvmlohxnzvsbisfdgmcd\" data-hover-options=\"%7B%22duration%22:600,%22iterations%22:1%7D\" data-hover-reversible=\"true\">\n<div class=\"brz-hover-animation\">\n<div class=\"brz-video-content\" data-loop=\"false\" data-muted=\"false\" data-autoplay=\"off\">\n<div class=\"video-wrapper brz-image-fix-16-9 brz-css-suqfk\">\n<div class=\"brz-video-data brz-hidden\" data-src=\"https:\/\/www.youtube.com\/embed\/1PxEdPJUPog?autoplay=0&amp;controls=1&amp;start=0&amp;end=0&amp;modestbranding=0&amp;wmode=transparent&amp;enablejsapi=1&amp;loop=0&amp;rel=0&amp;mute=0\" data-population data-controls=\"true\" data-branding=\"true\" data-intro=\"true\" data-start=\"0\" data-end=\"0\" data-loop=\"false\" data-autoplay=\"off\"><\/div>\n<\/div>\n<\/div>\n<\/div>\n<\/div>\n<\/div>\n<\/div>\n<\/div>\n<\/div>\n<div class=\"brz-columns brz-css-edbns brz-css-fthcj\" data-custom-id=\"jwsqcbxiwtechfkgcgxgeopdlvuwiorqxcte\">\n<div class=\"brz-bg overflow-hidden !z-auto absolute top-0 left-0 w-full h-full\"><\/div>\n<div class=\"brz-column__items brz-css-fooxn brz-css-tyzqw\">\n<div class=\"brz-css-zaxoo brz-wrapper\">\n<div class=\"brz-rich-text brz-rich-text__custom brz-css-lzngg\" data-custom-id=\"qdtxwknhdscskmjyxishhnayxbdpqzuxxgwo\">\n<div>\n<p class=\"brz-bcp-color7 brz-lh-lg-1_7 brz-lh-sm-im-1_6 brz-lh-xs-im-1_6 brz-fs-lg-16 brz-fs-sm-im-15 brz-fs-xs-im-15 brz-ls-lg-0 brz-ls-sm-im-0 brz-ls-xs-im-0 brz-ff-raleway brz-ft-google brz-fw-lg-300 brz-fw-sm-im-300 brz-fw-xs-im-300 brz-css-oeyuy\">2.Prize<\/p>\n<\/div>\n<\/div>\n<\/div>\n<div class=\"brz-css-zaxoo brz-wrapper\">\n<div class=\"brz-rich-text brz-rich-text__custom brz-css-lzngg\" data-custom-id=\"aksubztzeponfoalpvhrrqwmpfkyoyrnoese\">\n<div>\n<p class=\"brz-bcp-color2 brz-lh-lg-1_3 brz-lh-sm-im-1_3 brz-lh-xs-im-1_3 brz-fs-lg-42 brz-fs-sm-im-35 brz-fs-xs-im-29 brz-ff-raleway brz-ft-google brz-fw-lg-700 brz-fw-sm-im-700 brz-fw-xs-im-700 brz-ls-lg-0 brz-ls-sm-im-1 brz-ls-xs-im-1 brz-css-zxmlw\">Wir lernen weiter<\/p>\n<\/div>\n<\/div>\n<\/div>\n<div class=\"brz-css-zaxoo brz-css-qmaly brz-css-flaia brz-wrapper\">\n<div class=\"brz-spacer brz-css-wiahi brz-css-eflpe\"><\/div>\n<\/div>\n<div class=\"brz-css-zaxoo brz-wrapper\">\n<div class=\"brz-rich-text brz-rich-text__custom brz-css-lzngg\" data-custom-id=\"gkcacjqvrkaxoyryaaqnviogmeviwzjrwyrt\">\n<div>\n<p class=\"brz-css-yzohe\"><\/p>\n<p class=\"brz-text-lg-justify brz-lh-lg-1_7 brz-lh-sm-im-1_6 brz-lh-xs-im-1_6 brz-fs-lg-16 brz-fs-sm-im-15 brz-fs-xs-im-15 brz-ls-lg-0 brz-ls-sm-im-0 brz-ls-xs-im-0 brz-ff-raleway brz-ft-google brz-fw-lg-300 brz-fw-sm-im-300 brz-fw-xs-im-300 brz-css-rcpuv\"><span class=\"brz-cp-color2\">The \"Wir lernen weiter\" project aims to make education an equal opportunity for all, including at the digital level. The most important prerequisite for this is that every child has access to a laptop at home - even if the monetary means are lacking. The \"Wir lernen weiter\" project refurbishes old devices and then gives them away to families in need, with no expectation of anything in return. Because too many laptops end up as electronic waste, although they could have a valuable new start elsewhere.<\/span><\/p>\n<\/div>\n<\/div>\n<\/div>\n<\/div>\n<\/div>\n<\/div>\n<\/div>\n<\/div>\n<\/div>\n<\/div>\n<\/div>\n<\/div>\n<\/div>\n<\/section>\n<section data-uid=\"xanedwjmhcyyyhthyftzedomkshyychugxdo\" id=\"xanedwjmhcyyyhthyftzedomkshyychugxdo\" class=\"brz-section brz-css-fwjjz\">\n<div class=\"brz-section__content brz-section--boxed brz-css-vwaow brz-css-cquhb\" data-custom-id=\"ljyvoxieciokgupzmjjrmnflaanthlqvrlpm\">\n<div class=\"brz-bg overflow-hidden !z-auto absolute top-0 left-0 w-full h-full\">\n<div class=\"brz-bg-color absolute top-0 left-0 w-full h-full\"><\/div>\n<\/div>\n<div class=\"brz-container brz-css-btkzf brz-css-iedyz\">\n<div class=\"brz-row__container brz-css-iwskd\" data-custom-id=\"gxsphzkaiebjtvleglacqrxuplddsyhncufq\">\n<div class=\"brz-bg overflow-hidden !z-auto absolute top-0 left-0 w-full h-full\"><\/div>\n<div class=\"brz-row brz-css-usmtm brz-css-kjgrm\">\n<div class=\"brz-columns brz-css-edbns brz-css-xenwe\" data-custom-id=\"usfothnsnmmzmjhmfngvwdsjxiomhmfjvvet\">\n<div class=\"brz-bg overflow-hidden !z-auto absolute top-0 left-0 w-full h-full\"><\/div>\n<div class=\"brz-column__items brz-css-fooxn brz-css-jiyeq\">\n<div class=\"brz-css-zaxoo brz-wrapper\">\n<div class=\"brz-rich-text brz-rich-text__custom brz-css-lzngg\" data-custom-id=\"aumarsuhbaghqdcobtkeolusazcoarallckx\">\n<div>\n<p class=\"brz-bcp-color7 brz-lh-lg-1_7 brz-lh-sm-im-1_6 brz-lh-xs-im-1_6 brz-fs-lg-16 brz-fs-sm-im-15 brz-fs-xs-im-15 brz-ls-lg-0 brz-ls-sm-im-0 brz-ls-xs-im-0 brz-ff-raleway brz-ft-google brz-fw-lg-300 brz-fw-sm-im-300 brz-fw-xs-im-300 brz-css-klarz\">3.Prize<\/p>\n<\/div>\n<\/div>\n<\/div>\n<div class=\"brz-css-zaxoo brz-wrapper\">\n<div class=\"brz-rich-text brz-rich-text__custom brz-css-lzngg\" data-custom-id=\"rdiepfhopaifpwolfbscloafkjipedfljuwf\">\n<div>\n<p class=\"brz-bcp-color2 brz-lh-lg-1_3 brz-lh-sm-im-1_3 brz-lh-xs-im-1_3 brz-fs-lg-42 brz-fs-sm-im-35 brz-fs-xs-im-29 brz-ff-raleway brz-ft-google brz-fw-lg-700 brz-fw-sm-im-700 brz-fw-xs-im-700 brz-ls-lg-0 brz-ls-sm-im-1 brz-ls-xs-im-1 brz-css-upjef\">Aurelion<\/p>\n<\/div>\n<\/div>\n<\/div>\n<div class=\"brz-css-zaxoo brz-css-qmaly brz-css-dxcvk brz-wrapper\">\n<div class=\"brz-spacer brz-css-wiahi brz-css-rapid\"><\/div>\n<\/div>\n<div class=\"brz-css-zaxoo brz-wrapper\">\n<div class=\"brz-rich-text brz-rich-text__custom brz-css-lzngg\" data-custom-id=\"bwhfkzercrgkesrrefzgrcwlsloccpagrozr\">\n<div>\n<p class=\"brz-css-alhdm\"><\/p>\n<p class=\"brz-fw-xs-im-300 brz-fw-sm-im-300 brz-fw-lg-300 brz-ft-google brz-ff-raleway brz-ls-xs-im-0 brz-ls-sm-im-0 brz-ls-lg-0 brz-fs-xs-im-15 brz-fs-sm-im-15 brz-fs-lg-16 brz-lh-xs-im-1_6 brz-lh-sm-im-1_6 brz-lh-lg-1_7 brz-text-lg-justify brz-css-iptma\"><span class=\"brz-cp-color2\">Aurelion is the name of an intelligent lighting system for industrial plant cultivation. With individually controlled diodes and a fully configurable app, it is possible to set an exact light spectrum over a course of a day - or to simulate different climates and vegetation zones. In this way, the specific light requirements of plants can be covered, which is why yield and lighting efficiency increase. Thanks to the use of aluminum and 3D printed parts, the product can be largely recycled.<\/span><\/p>\n<\/div>\n<\/div>\n<\/div>\n<\/div>\n<\/div>\n<div class=\"brz-columns brz-css-edbns brz-css-wfyrx\" data-custom-id=\"axpcidzfoqbaxxvmjxnkrimlfetjexzzeuvm\">\n<div class=\"brz-column__items brz-css-fooxn brz-css-ngrgo\">\n<div class=\"brz-css-zaxoo brz-css-qmaly brz-wrapper\">\n<div class=\"brz-spacer brz-css-wiahi brz-css-sfkus\"><\/div>\n<\/div>\n<div class=\"brz-css-zaxoo brz-wrapper\">\n<div class=\"brz-video brz-youtube-video brz-video-on-controls-hidden brz-css-rvvqo\" data-custom-id=\"hizcthvrorlskwgdppmpmflrthtcnoaexczy\">\n<div class=\"brz-hover-animation__container\" data-hover-animationid=\"zkyfamhlmlfiurgjbmomvglsatstxbwcxybf\" data-hover-options=\"%7B%22duration%22:600,%22iterations%22:1%7D\" data-hover-reversible=\"true\">\n<div class=\"brz-hover-animation\">\n<div class=\"brz-video-content\" data-loop=\"false\" data-muted=\"false\" data-autoplay=\"off\">\n<div class=\"video-wrapper brz-image-fix-16-9 brz-css-suqfk\">\n<div class=\"brz-video-data brz-hidden\" data-src=\"https:\/\/www.youtube.com\/embed\/x9jkwxUrKf8?autoplay=0&amp;controls=1&amp;start=0&amp;end=0&amp;modestbranding=0&amp;wmode=transparent&amp;enablejsapi=1&amp;loop=0&amp;rel=0&amp;mute=0\" data-population data-controls=\"true\" data-branding=\"true\" data-intro=\"true\" data-start=\"0\" data-end=\"0\" data-loop=\"false\" data-autoplay=\"off\"><\/div>\n<\/div>\n<\/div>\n<\/div>\n<\/div>\n<\/div>\n<\/div>\n<\/div>\n<\/div>\n<\/div>\n<\/div>\n<\/div>\n<\/div>\n<\/section>\n<\/div>\n<p>    <!-- version:1691682349 --><\/p>","protected":false},"excerpt":{"rendered":"<p>1.Preis SmartBreed SmartBreed ist ein Schweizer Agritech-Start-up, das Insektenz\u00fcchtern eine lokale Komplettl\u00f6sung bietet. In stapelbaren, vollautomatischen Boxen k\u00f6nnen Heuschrecken kosteng\u00fcnstig, ressourcen-schonend und hygienisch gez\u00fcchtet werden.&hellip;<\/p>","protected":false},"author":1,"featured_media":0,"parent":511,"menu_order":1,"comment_status":"closed","ping_status":"closed","template":"","meta":{"footnotes":""},"class_list":["post-707","page","type-page","status-publish","hentry"],"_links":{"self":[{"href":"https:\/\/sustainabilitychallenge.ch\/en\/wp-json\/wp\/v2\/pages\/707","targetHints":{"allow":["GET"]}}],"collection":[{"href":"https:\/\/sustainabilitychallenge.ch\/en\/wp-json\/wp\/v2\/pages"}],"about":[{"href":"https:\/\/sustainabilitychallenge.ch\/en\/wp-json\/wp\/v2\/types\/page"}],"author":[{"embeddable":true,"href":"https:\/\/sustainabilitychallenge.ch\/en\/wp-json\/wp\/v2\/users\/1"}],"replies":[{"embeddable":true,"href":"https:\/\/sustainabilitychallenge.ch\/en\/wp-json\/wp\/v2\/comments?post=707"}],"version-history":[{"count":17,"href":"https:\/\/sustainabilitychallenge.ch\/en\/wp-json\/wp\/v2\/pages\/707\/revisions"}],"predecessor-version":[{"id":3803,"href":"https:\/\/sustainabilitychallenge.ch\/en\/wp-json\/wp\/v2\/pages\/707\/revisions\/3803"}],"up":[{"embeddable":true,"href":"https:\/\/sustainabilitychallenge.ch\/en\/wp-json\/wp\/v2\/pages\/511"}],"wp:attachment":[{"href":"https:\/\/sustainabilitychallenge.ch\/en\/wp-json\/wp\/v2\/media?parent=707"}],"curies":[{"name":"wp","href":"https:\/\/api.w.org\/{rel}","templated":true}]}}